{"id":713,"date":"2024-04-09T10:14:41","date_gmt":"2024-04-09T14:14:41","guid":{"rendered":"https:\/\/jg.qc.ca\/home\/"},"modified":"2026-04-01T13:55:06","modified_gmt":"2026-04-01T17:55:06","slug":"accueil","status":"publish","type":"page","link":"https:\/\/jg.qc.ca\/en\/","title":{"rendered":"Home"},"content":{"rendered":"\n<section class=\"wp-block-cover alignfull is-style-full-height-with-header-offset\" style=\"min-height:100vh;aspect-ratio:unset;\"><img loading=\"lazy\" decoding=\"async\" width=\"2315\" height=\"1080\" class=\"wp-block-cover__image-background wp-image-1409 size-full\" alt=\"Portrait de la gestionnaire de projets de Production JG, une compagnied&#039;impression \u00e0 Montr\u00e9al. Sp\u00e9cialis\u00e9e en impression grand-format, num\u00e9rique et offset. Services de kiosques d&#039;exposition, d&#039;installation et de prototypage.\" src=\"https:\/\/jg.qc.ca\/wp-content\/uploads\/2024\/08\/photo-hero-responsable-production-inverse-1-copie.webp\" data-object-fit=\"cover\" title=\"\" srcset=\"https:\/\/jg.qc.ca\/wp-content\/uploads\/2024\/08\/photo-hero-responsable-production-inverse-1-copie.webp 2315w, https:\/\/jg.qc.ca\/wp-content\/uploads\/2024\/08\/photo-hero-responsable-production-inverse-1-copie-1920x896.webp 1920w, https:\/\/jg.qc.ca\/wp-content\/uploads\/2024\/08\/photo-hero-responsable-production-inverse-1-copie-768x358.webp 768w, https:\/\/jg.qc.ca\/wp-content\/uploads\/2024\/08\/photo-hero-responsable-production-inverse-1-copie-1536x717.webp 1536w, https:\/\/jg.qc.ca\/wp-content\/uploads\/2024\/08\/photo-hero-responsable-production-inverse-1-copie-2048x955.webp 2048w\" sizes=\"auto, (max-width: 2315px) 100vw, 2315px\" \/><span aria-hidden=\"true\" class=\"wp-block-cover__background has-jg-grey-500-background-color has-background-dim-40 has-background-dim\"><\/span><div class=\"wp-block-cover__inner-container is-layout-constrained wp-block-cover-is-layout-constrained\">\n<div class=\"wp-block-group alignwide is-content-justification-left is-layout-constrained wp-container-core-group-is-layout-12dd3699 wp-block-group-is-layout-constrained\">\n<h1 class=\"wp-block-heading alignwide has-text-align-left is-style-animated-slide-from-left has-white-color has-text-color has-link-color has-4-xl-font-size wp-elements-796317dea6b485258c87e5494d2d1fe4\">Printing Company in Montreal <br>with Over 60 Years of Experience<\/h1>\n\n\n\n<p class=\"is-style-animated-slide-up has-white-color has-text-color has-link-color has-xl-font-size wp-elements-b7f22209c74e7f0caa31f45b6c1bbe37\">A specialist in the printing industry, Production JG delivers <br>professional, customized printing solutions in downtown Montreal.<br>We support the retail, food, pharmaceutical, and advertising sectors <br>with a reputation for quality built over more than six decades.<br>Fast delivery across North America.<\/p>\n\n\n\n<div class=\"wp-block-buttons is-layout-flex wp-block-buttons-is-layout-flex\">\n<div class=\"wp-block-button is-style-lime\"><a class=\"wp-block-button__link wp-element-button\" href=\"https:\/\/jg.qc.ca\/en\/contact-form\/\">Get an estimate<\/a><\/div>\n\n\n\n<div class=\"wp-block-button is-style-grey\"><a class=\"wp-block-button__link wp-element-button\" href=\"https:\/\/productionjg.fromsmash.com\/request\/gWTX22o4Qh-id\" rel=\"nofollow noopener\" target=\"_blank\">File Upload<\/a><\/div>\n<\/div>\n<\/div>\n<\/div><\/section>\n\n\n\n<div class=\"wp-block-group is-layout-constrained wp-block-group-is-layout-constrained\" style=\"margin-top:var(--wp--preset--spacing--x-large);margin-bottom:var(--wp--preset--spacing--x-large)\">\n<h2 class=\"wp-block-heading has-text-align-center is-style-bordered-lime has-2-xl-font-size\">Our <strong>services<\/strong><\/h2>\n<\/div>\n\n\n\n<div class=\"wp-block-media-text alignfull is-stacked-on-mobile is-image-fill-element is-style-grey-dots-background\" style=\"border-radius:0px;margin-top:0;margin-bottom:0;padding-top:0;padding-bottom:0\"><figure class=\"wp-block-media-text__media\"><img loading=\"lazy\" decoding=\"async\" width=\"2560\" height=\"1195\" src=\"https:\/\/jg.qc.ca\/wp-content\/uploads\/2024\/04\/photo-operateur-grand-format.webp\" alt=\"Op\u00e9rateur travaillant sur une machine d&#039;impression grand format chez Production JG. Expertise en impression grand-format de haute qualit\u00e9 \u00e0 Montr\u00e9al.\" class=\"wp-image-312 size-full\" style=\"object-position:67% 51%\" title=\"\" srcset=\"https:\/\/jg.qc.ca\/wp-content\/uploads\/2024\/04\/photo-operateur-grand-format.webp 2560w, https:\/\/jg.qc.ca\/wp-content\/uploads\/2024\/04\/photo-operateur-grand-format-300x140.webp 300w, https:\/\/jg.qc.ca\/wp-content\/uploads\/2024\/04\/photo-operateur-grand-format-1920x896.webp 1920w, https:\/\/jg.qc.ca\/wp-content\/uploads\/2024\/04\/photo-operateur-grand-format-768x359.webp 768w, https:\/\/jg.qc.ca\/wp-content\/uploads\/2024\/04\/photo-operateur-grand-format-1536x717.webp 1536w, https:\/\/jg.qc.ca\/wp-content\/uploads\/2024\/04\/photo-operateur-grand-format-2048x956.webp 2048w\" sizes=\"auto, (max-width: 2560px) 100vw, 2560px\" \/><\/figure><div class=\"wp-block-media-text__content\">\n<div class=\"wp-block-group is-layout-constrained wp-block-group-is-layout-constrained\" style=\"margin-top:var(--wp--preset--spacing--x-large);margin-bottom:var(--wp--preset--spacing--x-large)\">\n<h2 class=\"wp-block-heading is-style-underlined-lime has-white-color has-text-color has-link-color has-lg-font-size wp-elements-ff9dec3db0d4841eb5a14b1a446ffb1c\"><strong>Large format<\/strong> printing<\/h2>\n\n\n\n<p>Whether flat or on rolls, our cutting-edge technologies and wide range of materials give you access to superior print quality. From large-format printing with sharp, vibrant colors, with or without supporting white, we have a fleet of equipment capable of producing indoor or outdoor media of exceptional quality. Give free rein to your imagination, our finishing department will take care of your creations.<\/p>\n\n\n\n<div class=\"wp-block-buttons is-layout-flex wp-block-buttons-is-layout-flex\">\n<div class=\"wp-block-button is-style-lime\"><a class=\"wp-block-button__link has-jg-grey-500-color has-text-color has-link-color wp-element-button\" href=\"https:\/\/jg.qc.ca\/en\/large-format-printing\/\">Learn more<\/a><\/div>\n<\/div>\n<\/div>\n<\/div><\/div>\n\n\n\n<div class=\"wp-block-media-text alignfull has-media-on-the-right is-stacked-on-mobile is-image-fill-element is-style-white-background\" style=\"border-radius:0px;margin-top:0;margin-bottom:0;padding-top:0;padding-bottom:0\"><div class=\"wp-block-media-text__content\">\n<div class=\"wp-block-group is-layout-constrained wp-block-group-is-layout-constrained\" style=\"margin-top:var(--wp--preset--spacing--x-large);margin-bottom:var(--wp--preset--spacing--x-large)\">\n<h2 class=\"wp-block-heading is-style-underlined-lime has-jg-grey-500-color has-text-color has-link-color has-lg-font-size wp-elements-86f7a0df61eca1bffb0fdf99e8d61320\"><strong>Digital and offset<\/strong> printing<\/h2>\n\n\n\n<p>The cream of the crop! Equipped with two HP-Indigo presses and a Konica XL digital press, we are the benchmark for short-, medium- and long-run printing.<br>Whether it&#8217;s brochures, leaflets or simple business cards, we can meet all your needs. You can also count on our complete finishing service, which accepts no compromises, whether it&#8217;s folding, creasing, binding, perforating, stapling, die-cutting, etc.  <\/p>\n\n\n\n<div class=\"wp-block-buttons is-layout-flex wp-block-buttons-is-layout-flex\">\n<div class=\"wp-block-button is-style-lime\"><a class=\"wp-block-button__link has-jg-grey-500-color has-text-color has-link-color wp-element-button\" href=\"https:\/\/jg.qc.ca\/en\/digital-and-offset-printing\/\">Learn more<\/a><\/div>\n<\/div>\n<\/div>\n<\/div><figure class=\"wp-block-media-text__media\"><img loading=\"lazy\" decoding=\"async\" width=\"2560\" height=\"1195\" src=\"https:\/\/jg.qc.ca\/wp-content\/uploads\/2024\/04\/photo-operateur-impression-numerique.webp\" alt=\"Op\u00e9rateur qualifi\u00e9 en impression num\u00e9rique chez Production JG, sp\u00e9cialiste de l&#039;impression de haute qualit\u00e9 \u00e0 Montr\u00e9al.\" class=\"wp-image-311 size-full\" style=\"object-position:76% 50%\" title=\"\" srcset=\"https:\/\/jg.qc.ca\/wp-content\/uploads\/2024\/04\/photo-operateur-impression-numerique.webp 2560w, https:\/\/jg.qc.ca\/wp-content\/uploads\/2024\/04\/photo-operateur-impression-numerique-300x140.webp 300w, https:\/\/jg.qc.ca\/wp-content\/uploads\/2024\/04\/photo-operateur-impression-numerique-1920x896.webp 1920w, https:\/\/jg.qc.ca\/wp-content\/uploads\/2024\/04\/photo-operateur-impression-numerique-768x359.webp 768w, https:\/\/jg.qc.ca\/wp-content\/uploads\/2024\/04\/photo-operateur-impression-numerique-1536x717.webp 1536w, https:\/\/jg.qc.ca\/wp-content\/uploads\/2024\/04\/photo-operateur-impression-numerique-2048x956.webp 2048w\" sizes=\"auto, (max-width: 2560px) 100vw, 2560px\" \/><\/figure><\/div>\n\n\n\n<div class=\"wp-block-media-text alignfull is-stacked-on-mobile is-image-fill-element is-style-grey-dots-background\" style=\"border-radius:0px;margin-top:0;margin-bottom:0;padding-top:0;padding-bottom:0\"><figure class=\"wp-block-media-text__media\"><img loading=\"lazy\" decoding=\"async\" width=\"1280\" height=\"720\" src=\"https:\/\/jg.qc.ca\/wp-content\/uploads\/2024\/04\/photo-impression-etiquettes.webp\" alt=\"Presse d&#039;impression d&#039;\u00e9tiquettes en rouleaux chez Production JG. Expertise en impression d&#039;\u00e9tiquettes de qualit\u00e9 \u00e0 Montr\u00e9al.\" class=\"wp-image-343 size-full\" style=\"object-position:50% 50%\" title=\"\" srcset=\"https:\/\/jg.qc.ca\/wp-content\/uploads\/2024\/04\/photo-impression-etiquettes.webp 1280w, https:\/\/jg.qc.ca\/wp-content\/uploads\/2024\/04\/photo-impression-etiquettes-300x169.webp 300w, https:\/\/jg.qc.ca\/wp-content\/uploads\/2024\/04\/photo-impression-etiquettes-768x432.webp 768w\" sizes=\"auto, (max-width: 1280px) 100vw, 1280px\" \/><\/figure><div class=\"wp-block-media-text__content\">\n<div class=\"wp-block-group is-layout-constrained wp-block-group-is-layout-constrained\" style=\"margin-top:var(--wp--preset--spacing--x-large);margin-bottom:var(--wp--preset--spacing--x-large)\">\n<h2 class=\"wp-block-heading is-style-underlined-lime has-white-color has-text-color has-link-color has-lg-font-size wp-elements-79ae839be1ec82a96c7b2a24cb503bc9\"><strong>Label<\/strong> printing<\/h2>\n\n\n\n<p>Experts in roll-fed self-adhesive label printing. We put our state-of-the-art digital equipment and expertise at your disposal.<br>We can produce high-quality labels on rolls in a very short time, whether for food products, cosmetics, or any other sector requiring impeccable presentation. <\/p>\n\n\n\n<div class=\"wp-block-buttons is-layout-flex wp-block-buttons-is-layout-flex\">\n<div class=\"wp-block-button is-style-lime\"><a class=\"wp-block-button__link has-jg-grey-500-color has-text-color has-link-color wp-element-button\" href=\"https:\/\/jg.qc.ca\/en\/label-printing\/\">Learn more<\/a><\/div>\n<\/div>\n<\/div>\n<\/div><\/div>\n\n\n\n<div class=\"wp-block-media-text alignfull has-media-on-the-right is-stacked-on-mobile is-image-fill-element is-style-white-background\" style=\"border-radius:0px;margin-top:0;margin-bottom:0;padding-top:0;padding-bottom:0\"><div class=\"wp-block-media-text__content\">\n<div class=\"wp-block-group is-layout-constrained wp-block-group-is-layout-constrained\" style=\"margin-top:var(--wp--preset--spacing--x-large);margin-bottom:var(--wp--preset--spacing--x-large)\">\n<h2 class=\"wp-block-heading is-style-underlined-lime has-jg-grey-500-color has-text-color has-link-color has-lg-font-size wp-elements-2fcd3fb40ee166ca48aa75f200163c49\"><strong>Exhibition<\/strong> booths<\/h2>\n\n\n\n<p>We offer a complete range of exhibition solutions designed to showcase your brand at trade shows, fairs and corporate events. You&#8217;ll find everything under one roof: media walls, kakemonos, banner stands, promotional tents, advertising flags, arches, portable exhibition stands, counters, visual frames, iPad stands and much more. All tailored to your needs and budget.  <\/p>\n\n\n\n<div class=\"wp-block-buttons is-layout-flex wp-block-buttons-is-layout-flex\">\n<div class=\"wp-block-button is-style-lime\"><a class=\"wp-block-button__link has-jg-grey-500-color has-text-color has-link-color wp-element-button\" href=\"https:\/\/jg.qc.ca\/en\/exhibition-booths\/\">Learn more<\/a><\/div>\n<\/div>\n<\/div>\n<\/div><figure class=\"wp-block-media-text__media\"><img loading=\"lazy\" decoding=\"async\" width=\"1920\" height=\"1080\" src=\"https:\/\/jg.qc.ca\/wp-content\/uploads\/2024\/04\/photo-kiosques.webp\" alt=\"Kiosques d&#039;exposition personnalis\u00e9s par Production JG.\" class=\"wp-image-342 size-full\" style=\"object-position:50% 50%\" title=\"\" srcset=\"https:\/\/jg.qc.ca\/wp-content\/uploads\/2024\/04\/photo-kiosques.webp 1920w, https:\/\/jg.qc.ca\/wp-content\/uploads\/2024\/04\/photo-kiosques-300x169.webp 300w, https:\/\/jg.qc.ca\/wp-content\/uploads\/2024\/04\/photo-kiosques-768x432.webp 768w, https:\/\/jg.qc.ca\/wp-content\/uploads\/2024\/04\/photo-kiosques-1536x864.webp 1536w\" sizes=\"auto, (max-width: 1920px) 100vw, 1920px\" \/><\/figure><\/div>\n\n\n\n<div class=\"wp-block-media-text alignfull is-stacked-on-mobile is-image-fill-element is-style-grey-dots-background\" style=\"border-radius:0px;margin-top:0;margin-bottom:0;padding-top:0;padding-bottom:0\"><figure class=\"wp-block-media-text__media\"><img loading=\"lazy\" decoding=\"async\" width=\"2560\" height=\"1195\" src=\"https:\/\/jg.qc.ca\/wp-content\/uploads\/2024\/04\/photo-operateur-massicot.webp\" alt=\"Prototyping expert at Production JG.\" class=\"wp-image-308 size-full\" style=\"object-position:30% 50%\" title=\"\" srcset=\"https:\/\/jg.qc.ca\/wp-content\/uploads\/2024\/04\/photo-operateur-massicot.webp 2560w, https:\/\/jg.qc.ca\/wp-content\/uploads\/2024\/04\/photo-operateur-massicot-300x140.webp 300w, https:\/\/jg.qc.ca\/wp-content\/uploads\/2024\/04\/photo-operateur-massicot-1920x896.webp 1920w, https:\/\/jg.qc.ca\/wp-content\/uploads\/2024\/04\/photo-operateur-massicot-768x359.webp 768w, https:\/\/jg.qc.ca\/wp-content\/uploads\/2024\/04\/photo-operateur-massicot-1536x717.webp 1536w, https:\/\/jg.qc.ca\/wp-content\/uploads\/2024\/04\/photo-operateur-massicot-2048x956.webp 2048w\" sizes=\"auto, (max-width: 2560px) 100vw, 2560px\" \/><\/figure><div class=\"wp-block-media-text__content\">\n<div class=\"wp-block-group is-layout-constrained wp-block-group-is-layout-constrained\" style=\"margin-top:var(--wp--preset--spacing--x-large);margin-bottom:var(--wp--preset--spacing--x-large)\">\n<h2 class=\"wp-block-heading has-text-align-left is-style-underlined-lime has-white-color has-text-color has-link-color has-lg-font-size wp-elements-d9f946c667fdd5b0b6109d0743946f11\"><strong>Prototyping<\/strong><\/h2>\n\n\n\n<p>We turn your concepts into tangible reality with speed and precision. Whether you&#8217;re looking for innovative packaging, a customized product or an innovative idea, we&#8217;re here to turn your projects into reality with expertise and quality. <\/p>\n\n\n\n<div class=\"wp-block-buttons is-layout-flex wp-block-buttons-is-layout-flex\">\n<div class=\"wp-block-button is-style-lime\"><a class=\"wp-block-button__link has-jg-grey-500-color has-text-color has-link-color wp-element-button\" href=\"https:\/\/jg.qc.ca\/en\/prototyping\/\">Learn more<\/a><\/div>\n<\/div>\n<\/div>\n<\/div><\/div>\n\n\n\n<div class=\"wp-block-group is-layout-constrained wp-block-group-is-layout-constrained\" style=\"margin-top:var(--wp--preset--spacing--x-large);margin-bottom:var(--wp--preset--spacing--x-large)\">\n<h2 class=\"wp-block-heading has-text-align-center is-style-bordered-lime has-2-xl-font-size\"><strong>Trusted<\/strong> printer<\/h2>\n<\/div>\n\n\n\n<figure class=\"wp-block-image alignfull size-large\"><img loading=\"lazy\" decoding=\"async\" width=\"1024\" height=\"160\" src=\"https:\/\/jg.qc.ca\/wp-content\/uploads\/2024\/04\/banniere-logos-clients-v2-1024x160.png\" alt=\"Banner presenting the prestigious customers who have placed their trust in Production JG, Danone logo, Valmont logo, Richelieu logo, Pointe-\u00e0-caill\u00e8re Museum logo, aedifica logo, Bel fromagerie logo, Decathlon logo, Olymel logo, Nemaska Lithium logo Lemay avocat logo, Jamp logo\" class=\"wp-image-292\" title=\"\" srcset=\"https:\/\/jg.qc.ca\/wp-content\/uploads\/2024\/04\/banniere-logos-clients-v2-1024x160.png 1024w, https:\/\/jg.qc.ca\/wp-content\/uploads\/2024\/04\/banniere-logos-clients-v2-300x47.png 300w, https:\/\/jg.qc.ca\/wp-content\/uploads\/2024\/04\/banniere-logos-clients-v2-768x120.png 768w, https:\/\/jg.qc.ca\/wp-content\/uploads\/2024\/04\/banniere-logos-clients-v2-1536x240.png 1536w, https:\/\/jg.qc.ca\/wp-content\/uploads\/2024\/04\/banniere-logos-clients-v2-2048x320.png 2048w\" sizes=\"auto, (max-width: 1024px) 100vw, 1024px\" \/><\/figure>\n\n\n\n<div class=\"wp-block-group alignfull is-style-grey-dots-background is-layout-constrained wp-block-group-is-layout-constrained\" style=\"min-height:0px;margin-top:0;margin-bottom:0;padding-top:var(--wp--preset--spacing--80);padding-bottom:var(--wp--preset--spacing--80)\">\n<h3 class=\"wp-block-heading has-text-align-center has-jg-lime-500-color has-text-color has-link-color wp-elements-b6d5b5d1eae912c742ee95a23215812e\">They put their trust in us.<\/h3>\n\n\n\n<p class=\"has-text-align-center\">We&#8217;re more than just a print shop. We&#8217;re your trusted partners in bringing your most ambitious projects to life. Recognized for our commitment to quality and reliability, we&#8217;ve had the privilege of serving a prestigious clientele.  <\/p>\n\n\n\n<div class=\"wp-block-buttons is-content-justification-center is-layout-flex wp-container-core-buttons-is-layout-a89b3969 wp-block-buttons-is-layout-flex\">\n<div class=\"wp-block-button is-style-lime\"><a class=\"wp-block-button__link has-jg-grey-500-color has-text-color has-link-color wp-element-button\" href=\"https:\/\/jg.qc.ca\/en\/portfolio\/\">See our portfolio<\/a><\/div>\n<\/div>\n<\/div>\n\n\n\n<div class=\"wp-block-group alignfull is-layout-constrained wp-block-group-is-layout-constrained\" style=\"margin-top:var(--wp--preset--spacing--large);margin-bottom:var(--wp--preset--spacing--large)\">\n<h2 class=\"wp-block-heading is-style-bordered-lime has-2-xl-font-size\"><strong>About<\/strong> us<\/h2>\n\n\n\n<p class=\"has-text-align-center\" style=\"margin-top:var(--wp--preset--spacing--medium);margin-bottom:var(--wp--preset--spacing--medium)\">An ever-evolving printer, proud of its heritage and looking to the future, we&#8217;re located in downtown Montreal, Quebec, Canada, near the Palais des congr\u00e8s and Place-d&#8217;Armes metro station. Offering printing services since 1961, our team of over 30 professionals is equipped with state-of-the-art technology. This enables us to guarantee exceptional quality, unrivalled turnaround times and impeccable customer service.  <\/p>\n\n\n\n<div class=\"wp-block-columns is-layout-flex wp-container-core-columns-is-layout-28f84493 wp-block-columns-is-layout-flex\">\n<div class=\"wp-block-column is-layout-flow wp-block-column-is-layout-flow\">\n<figure class=\"wp-block-image aligncenter size-full is-resized\"><img loading=\"lazy\" decoding=\"async\" width=\"379\" height=\"490\" src=\"https:\/\/jg.qc.ca\/wp-content\/uploads\/2024\/04\/quality-icon.png\" alt=\"\" class=\"wp-image-287\" style=\"width:77px;height:auto\" title=\"\" srcset=\"https:\/\/jg.qc.ca\/wp-content\/uploads\/2024\/04\/quality-icon.png 379w, https:\/\/jg.qc.ca\/wp-content\/uploads\/2024\/04\/quality-icon-300x388.png 300w, https:\/\/jg.qc.ca\/wp-content\/uploads\/2024\/04\/quality-icon-232x300.png 232w\" sizes=\"auto, (max-width: 379px) 100vw, 379px\" \/><\/figure>\n\n\n\n<h3 class=\"wp-block-heading has-text-align-center\">Quality<\/h3>\n\n\n\n<p>We combine expertise and technology to deliver exceptional results.<br>Every step of the printing process is meticulously executed to provide unmatched print quality.<\/p>\n<\/div>\n\n\n\n<div class=\"wp-block-column is-layout-flow wp-block-column-is-layout-flow\">\n<figure class=\"wp-block-image aligncenter size-full is-resized\"><img loading=\"lazy\" decoding=\"async\" width=\"420\" height=\"476\" src=\"https:\/\/jg.qc.ca\/wp-content\/uploads\/2024\/04\/rapidite-icon.png\" alt=\"\" class=\"wp-image-288\" style=\"width:89px;height:auto\" title=\"\" srcset=\"https:\/\/jg.qc.ca\/wp-content\/uploads\/2024\/04\/rapidite-icon.png 420w, https:\/\/jg.qc.ca\/wp-content\/uploads\/2024\/04\/rapidite-icon-300x340.png 300w, https:\/\/jg.qc.ca\/wp-content\/uploads\/2024\/04\/rapidite-icon-265x300.png 265w\" sizes=\"auto, (max-width: 420px) 100vw, 420px\" \/><\/figure>\n\n\n\n<h3 class=\"wp-block-heading has-text-align-center\">Efficiency<\/h3>\n\n\n\n<p>We understand how critical tight deadlines can be. With efficient workflows and a dedicated team, we deliver fast production while maintaining the highest quality standards.<\/p>\n<\/div>\n\n\n\n<div class=\"wp-block-column is-layout-flow wp-block-column-is-layout-flow\">\n<figure class=\"wp-block-image aligncenter size-full is-resized\"><img loading=\"lazy\" decoding=\"async\" width=\"470\" height=\"470\" src=\"https:\/\/jg.qc.ca\/wp-content\/uploads\/2024\/04\/service-icon.png\" alt=\"\" class=\"wp-image-286\" style=\"width:97px;height:auto\" title=\"\" srcset=\"https:\/\/jg.qc.ca\/wp-content\/uploads\/2024\/04\/service-icon.png 470w, https:\/\/jg.qc.ca\/wp-content\/uploads\/2024\/04\/service-icon-150x150.png 150w, https:\/\/jg.qc.ca\/wp-content\/uploads\/2024\/04\/service-icon-100x100.png 100w, https:\/\/jg.qc.ca\/wp-content\/uploads\/2024\/04\/service-icon-300x300.png 300w\" sizes=\"auto, (max-width: 470px) 100vw, 470px\" \/><\/figure>\n\n\n\n<h3 class=\"wp-block-heading has-text-align-center\">Service<\/h3>\n\n\n\n<p>Our team of representatives is here to meet your needs with professionalism, attentiveness, and responsiveness. We are committed to delivering a seamless, personalized customer experience at every stage of your project.<\/p>\n<\/div>\n<\/div>\n<\/div>\n\n\n\n<div class=\"wp-block-cover alignfull is-style-full-height-with-header-offset\" style=\"min-height:100vh;aspect-ratio:unset;\"><img loading=\"lazy\" decoding=\"async\" width=\"2560\" height=\"1195\" class=\"wp-block-cover__image-background wp-image-313 size-full\" alt=\"\" src=\"https:\/\/jg.qc.ca\/wp-content\/uploads\/2024\/04\/photo-representant-clients.webp\" data-object-fit=\"cover\" title=\"\" srcset=\"https:\/\/jg.qc.ca\/wp-content\/uploads\/2024\/04\/photo-representant-clients.webp 2560w, https:\/\/jg.qc.ca\/wp-content\/uploads\/2024\/04\/photo-representant-clients-300x140.webp 300w, https:\/\/jg.qc.ca\/wp-content\/uploads\/2024\/04\/photo-representant-clients-1920x896.webp 1920w, https:\/\/jg.qc.ca\/wp-content\/uploads\/2024\/04\/photo-representant-clients-768x359.webp 768w, https:\/\/jg.qc.ca\/wp-content\/uploads\/2024\/04\/photo-representant-clients-1536x717.webp 1536w, https:\/\/jg.qc.ca\/wp-content\/uploads\/2024\/04\/photo-representant-clients-2048x956.webp 2048w\" sizes=\"auto, (max-width: 2560px) 100vw, 2560px\" \/><span aria-hidden=\"true\" class=\"wp-block-cover__background has-jg-grey-500-background-color has-background-dim-40 has-background-dim\"><\/span><div class=\"wp-block-cover__inner-container is-layout-constrained wp-block-cover-is-layout-constrained\">\n<h2 class=\"wp-block-heading has-text-align-center is-style-animated-slide-up has-large-font-size\">If you&#8217;ve made it this far,<br>we&#8217;ve got something for you.<br><\/h2>\n\n\n\n<div class=\"wp-block-buttons is-content-justification-center is-layout-flex wp-container-core-buttons-is-layout-a89b3969 wp-block-buttons-is-layout-flex\">\n<div class=\"wp-block-button is-style-magenta\"><a class=\"wp-block-button__link has-text-align-center wp-element-button\" href=\"https:\/\/jg.qc.ca\/en\/contact-form\/\">Contact us<\/a><\/div>\n<\/div>\n<\/div><\/div>\n","protected":false},"excerpt":{"rendered":"<p>Our services Trusted printer They put their trust in us. We&#8217;re more than just a print shop. We&#8217;re your trusted partners in bringing your most ambitious projects to life. Recognized for our commitment to quality and reliability, we&#8217;ve had the privilege of serving a prestigious clientele. About us An ever-evolving printer, proud of its heritage &hellip; <a href=\"https:\/\/jg.qc.ca\/en\/\">Continued<\/a><\/p>\n","protected":false},"author":1,"featured_media":0,"parent":0,"menu_order":0,"comment_status":"closed","ping_status":"closed","template":"","meta":{"_acf_changed":false,"footnotes":""},"class_list":["post-713","page","type-page","status-publish","hentry"],"acf":[],"_links":{"self":[{"href":"https:\/\/jg.qc.ca\/en\/wp-json\/wp\/v2\/pages\/713","targetHints":{"allow":["GET"]}}],"collection":[{"href":"https:\/\/jg.qc.ca\/en\/wp-json\/wp\/v2\/pages"}],"about":[{"href":"https:\/\/jg.qc.ca\/en\/wp-json\/wp\/v2\/types\/page"}],"author":[{"embeddable":true,"href":"https:\/\/jg.qc.ca\/en\/wp-json\/wp\/v2\/users\/1"}],"replies":[{"embeddable":true,"href":"https:\/\/jg.qc.ca\/en\/wp-json\/wp\/v2\/comments?post=713"}],"version-history":[{"count":56,"href":"https:\/\/jg.qc.ca\/en\/wp-json\/wp\/v2\/pages\/713\/revisions"}],"predecessor-version":[{"id":3371,"href":"https:\/\/jg.qc.ca\/en\/wp-json\/wp\/v2\/pages\/713\/revisions\/3371"}],"wp:attachment":[{"href":"https:\/\/jg.qc.ca\/en\/wp-json\/wp\/v2\/media?parent=713"}],"curies":[{"name":"wp","href":"https:\/\/api.w.org\/{rel}","templated":true}]}}